{"id":1486,"date":"2021-11-10T19:09:39","date_gmt":"2021-11-10T19:09:39","guid":{"rendered":"https:\/\/casa-noe.com\/my-account\/"},"modified":"2021-11-29T20:35:20","modified_gmt":"2021-11-29T20:35:20","slug":"my-account","status":"publish","type":"page","link":"https:\/\/casa-noe.com\/de\/my-account\/","title":{"rendered":"My account"},"content":{"rendered":"<div data-elementor-type=\"wp-page\" data-elementor-id=\"1486\" class=\"elementor elementor-1486\" data-elementor-post-type=\"page\">\n\t\t\t\t\t\t<section class=\"elementor-section elementor-top-section elementor-element elementor-element-9f0f3f6 elementor-section-boxed elementor-section-height-default elementor-section-height-default\" data-id=\"9f0f3f6\" data-element_type=\"section\" data-e-type=\"section\">\n\t\t\t\t\t\t<div class=\"elementor-container elementor-column-gap-default\">\n\t\t\t\t\t<div class=\"elementor-column elementor-col-100 elementor-top-column elementor-element elementor-element-339e98a\" data-id=\"339e98a\" data-element_type=\"column\" data-e-type=\"column\">\n\t\t\t<div class=\"elementor-widget-wrap elementor-element-populated\">\n\t\t\t\t\t\t<div class=\"elementor-element elementor-element-d9e7a8e e-my-account-tabs-vertical elementor-widget elementor-widget-woocommerce-my-account\" data-id=\"d9e7a8e\" data-element_type=\"widget\" data-e-type=\"widget\" data-settings=\"{&quot;forms_buttons_hover_animation&quot;:&quot;shrink&quot;}\" data-widget_type=\"woocommerce-my-account.default\">\n\t\t\t\t<div class=\"elementor-widget-container\">\n\t\t\t\t\t<div class=\"e-my-account-tab e-my-account-tab__\">\t\t\t<div class=\"woocommerce\"><\/div>\t\t<\/div>\n\t\t\t\t\t\t<\/div>\n\t\t\t\t<\/div>\n\t\t\t\t\t<\/div>\n\t\t<\/div>\n\t\t\t\t\t<\/div>\n\t\t<\/section>\n\t\t\t\t<\/div>","protected":false},"excerpt":{"rendered":"<p>Dashboard Orders Downloads Addresses Account Details Logout Hello retvaripeter (not retvaripeter? Log out) From your account dashboard you can view your recent orders, manage your shipping and billing addresses, and edit your password and account details.<\/p>","protected":false},"author":1,"featured_media":0,"parent":0,"menu_order":0,"comment_status":"closed","ping_status":"closed","template":"","meta":{"footnotes":""},"class_list":["post-1486","page","type-page","status-publish","hentry"],"yoast_head":"<!-- This site is optimized with the Yoast SEO plugin v27.1.1 - https:\/\/yoast.com\/product\/yoast-seo-wordpress\/ -->\n<title>My account - Casa Noe<\/title>\n<meta name=\"robots\" content=\"index, follow, max-snippet:-1, max-image-preview:large, max-video-preview:-1\" \/>\n<link rel=\"canonical\" href=\"https:\/\/casa-noe.com\/de\/my-account\/\" \/>\n<meta property=\"og:locale\" content=\"de_DE\" \/>\n<meta property=\"og:type\" content=\"article\" \/>\n<meta property=\"og:title\" content=\"My account - Casa Noe\" \/>\n<meta property=\"og:description\" content=\"Dashboard Orders Downloads Addresses Account Details Logout Hello retvaripeter (not retvaripeter? Log out) From your account dashboard you can view your recent orders, manage your shipping and billing addresses, and edit your password and account details.\" \/>\n<meta property=\"og:url\" content=\"https:\/\/casa-noe.com\/de\/my-account\/\" \/>\n<meta property=\"og:site_name\" content=\"Casa Noe\" \/>\n<meta property=\"article:modified_time\" content=\"2021-11-29T20:35:20+00:00\" \/>\n<meta name=\"twitter:card\" content=\"summary_large_image\" \/>\n<script type=\"application\/ld+json\" class=\"yoast-schema-graph\">{\"@context\":\"https:\/\/schema.org\",\"@graph\":[{\"@type\":\"WebPage\",\"@id\":\"https:\/\/casa-noe.com\/my-account\/\",\"url\":\"https:\/\/casa-noe.com\/my-account\/\",\"name\":\"My account - Casa Noe\",\"isPartOf\":{\"@id\":\"https:\/\/casa-noe.com\/#website\"},\"datePublished\":\"2021-11-10T19:09:39+00:00\",\"dateModified\":\"2021-11-29T20:35:20+00:00\",\"breadcrumb\":{\"@id\":\"https:\/\/casa-noe.com\/my-account\/#breadcrumb\"},\"inLanguage\":\"de\",\"potentialAction\":[{\"@type\":\"ReadAction\",\"target\":[\"https:\/\/casa-noe.com\/my-account\/\"]}]},{\"@type\":\"BreadcrumbList\",\"@id\":\"https:\/\/casa-noe.com\/my-account\/#breadcrumb\",\"itemListElement\":[{\"@type\":\"ListItem\",\"position\":1,\"name\":\"Home\",\"item\":\"https:\/\/casa-noe.com\/\"},{\"@type\":\"ListItem\",\"position\":2,\"name\":\"My account\"}]},{\"@type\":\"WebSite\",\"@id\":\"https:\/\/casa-noe.com\/#website\",\"url\":\"https:\/\/casa-noe.com\/\",\"name\":\"Casa Noe\",\"description\":\"A Balaton \u00d6lel\u00e9s\u00e9ben\",\"publisher\":{\"@id\":\"https:\/\/casa-noe.com\/#organization\"},\"potentialAction\":[{\"@type\":\"SearchAction\",\"target\":{\"@type\":\"EntryPoint\",\"urlTemplate\":\"https:\/\/casa-noe.com\/?s={search_term_string}\"},\"query-input\":{\"@type\":\"PropertyValueSpecification\",\"valueRequired\":true,\"valueName\":\"search_term_string\"}}],\"inLanguage\":\"de\"},{\"@type\":\"Organization\",\"@id\":\"https:\/\/casa-noe.com\/#organization\",\"name\":\"Casa Noe\",\"url\":\"https:\/\/casa-noe.com\/\",\"logo\":{\"@type\":\"ImageObject\",\"inLanguage\":\"de\",\"@id\":\"https:\/\/casa-noe.com\/#\/schema\/logo\/image\/\",\"url\":\"https:\/\/casa-noe.com\/wp-content\/uploads\/2022\/03\/Casanoe.svg\",\"contentUrl\":\"https:\/\/casa-noe.com\/wp-content\/uploads\/2022\/03\/Casanoe.svg\",\"caption\":\"Casa Noe\"},\"image\":{\"@id\":\"https:\/\/casa-noe.com\/#\/schema\/logo\/image\/\"}}]}<\/script>\n<!-- \/ Yoast SEO plugin. -->","yoast_head_json":{"title":"My account - Casa Noe","robots":{"index":"index","follow":"follow","max-snippet":"max-snippet:-1","max-image-preview":"max-image-preview:large","max-video-preview":"max-video-preview:-1"},"canonical":"https:\/\/casa-noe.com\/de\/my-account\/","og_locale":"de_DE","og_type":"article","og_title":"My account - Casa Noe","og_description":"Dashboard Orders Downloads Addresses Account Details Logout Hello retvaripeter (not retvaripeter? Log out) From your account dashboard you can view your recent orders, manage your shipping and billing addresses, and edit your password and account details.","og_url":"https:\/\/casa-noe.com\/de\/my-account\/","og_site_name":"Casa Noe","article_modified_time":"2021-11-29T20:35:20+00:00","twitter_card":"summary_large_image","schema":{"@context":"https:\/\/schema.org","@graph":[{"@type":"WebPage","@id":"https:\/\/casa-noe.com\/my-account\/","url":"https:\/\/casa-noe.com\/my-account\/","name":"My account - Casa Noe","isPartOf":{"@id":"https:\/\/casa-noe.com\/#website"},"datePublished":"2021-11-10T19:09:39+00:00","dateModified":"2021-11-29T20:35:20+00:00","breadcrumb":{"@id":"https:\/\/casa-noe.com\/my-account\/#breadcrumb"},"inLanguage":"de","potentialAction":[{"@type":"ReadAction","target":["https:\/\/casa-noe.com\/my-account\/"]}]},{"@type":"BreadcrumbList","@id":"https:\/\/casa-noe.com\/my-account\/#breadcrumb","itemListElement":[{"@type":"ListItem","position":1,"name":"Home","item":"https:\/\/casa-noe.com\/"},{"@type":"ListItem","position":2,"name":"My account"}]},{"@type":"WebSite","@id":"https:\/\/casa-noe.com\/#website","url":"https:\/\/casa-noe.com\/","name":"Casa Noe","description":"A Balaton \u00d6lel\u00e9s\u00e9ben","publisher":{"@id":"https:\/\/casa-noe.com\/#organization"},"potentialAction":[{"@type":"SearchAction","target":{"@type":"EntryPoint","urlTemplate":"https:\/\/casa-noe.com\/?s={search_term_string}"},"query-input":{"@type":"PropertyValueSpecification","valueRequired":true,"valueName":"search_term_string"}}],"inLanguage":"de"},{"@type":"Organization","@id":"https:\/\/casa-noe.com\/#organization","name":"Casa Noe","url":"https:\/\/casa-noe.com\/","logo":{"@type":"ImageObject","inLanguage":"de","@id":"https:\/\/casa-noe.com\/#\/schema\/logo\/image\/","url":"https:\/\/casa-noe.com\/wp-content\/uploads\/2022\/03\/Casanoe.svg","contentUrl":"https:\/\/casa-noe.com\/wp-content\/uploads\/2022\/03\/Casanoe.svg","caption":"Casa Noe"},"image":{"@id":"https:\/\/casa-noe.com\/#\/schema\/logo\/image\/"}}]}},"_links":{"self":[{"href":"https:\/\/casa-noe.com\/de\/wp-json\/wp\/v2\/pages\/1486","targetHints":{"allow":["GET"]}}],"collection":[{"href":"https:\/\/casa-noe.com\/de\/wp-json\/wp\/v2\/pages"}],"about":[{"href":"https:\/\/casa-noe.com\/de\/wp-json\/wp\/v2\/types\/page"}],"author":[{"embeddable":true,"href":"https:\/\/casa-noe.com\/de\/wp-json\/wp\/v2\/users\/1"}],"replies":[{"embeddable":true,"href":"https:\/\/casa-noe.com\/de\/wp-json\/wp\/v2\/comments?post=1486"}],"version-history":[{"count":0,"href":"https:\/\/casa-noe.com\/de\/wp-json\/wp\/v2\/pages\/1486\/revisions"}],"wp:attachment":[{"href":"https:\/\/casa-noe.com\/de\/wp-json\/wp\/v2\/media?parent=1486"}],"curies":[{"name":"wp","href":"https:\/\/api.w.org\/{rel}","templated":true}]}}